{"id":8042,"date":"2019-12-02T13:41:36","date_gmt":"2019-12-02T18:41:36","guid":{"rendered":"https:\/\/globexintl.com\/privacy-notice\/"},"modified":"2022-04-05T06:28:06","modified_gmt":"2022-04-05T11:28:06","slug":"privacy-notice","status":"publish","type":"page","link":"https:\/\/globexintl.com\/es\/privacy-notice\/","title":{"rendered":"Aviso de Privacidad"},"content":{"rendered":"<h3><strong>Pol\u00edtica de Privacidad<\/strong><\/h3>\n<p>\u00daltima Actualizaci\u00f3n: 29 de marzo del 2018<\/p>\n<h3>Alcance de esta Pol\u00edtica<\/h3>\n<p>Globex entiende que le preocupa c\u00f3mo se recoge y se utiliza la informaci\u00f3n sobre usted. Globex se compromete a proteger la privacidad de las personas que interact\u00faan con nosotros. Esta pol\u00edtica de privacidad de Globex (la \u00abpol\u00edtica de privacidad\u00bb) describe las pr\u00e1cticas de privacidad de Globex International Group Inc. y sus entidades afiliadas (colectivamente \u00abGlobex\u00bb) para nuestros sitios web, servicios y aplicaciones que se vinculan a esta pol\u00edtica. Esta pol\u00edtica tambi\u00e9n detalla nuestras pr\u00e1cticas de privacidad relacionadas con los eventos de <i>marketing<\/i>, publicidad y de la empresa de Globex.<\/p>\n<p>Globex es una empresa de servicios internacional de gesti\u00f3n de riesgos y beneficios de los trabajadores.&nbsp; Proporcionamos servicios de asesor\u00eda y gesti\u00f3n de proveedores, entre otros, para nuestros clientes. En esta pol\u00edtica de privacidad, nos referimos a estos servicios colectivamente como \u00abservicios\u00bb. Nos referiremos a nuestros correos electr\u00f3nicos, boletines de noticias y otras pr\u00e1cticas publicitarias y de <i>marketing<\/i> colectivamente como nuestras \u00abcomunicaciones\u00bb.<\/p>\n<p>Para la finalidad de esta pol\u00edtica de privacidad, la \u00abinformaci\u00f3n personal\u00bb significa cualquier informaci\u00f3n relacionada con una persona f\u00edsica identificada o identificable.<\/p>\n<h3>Servicios de Globex<\/h3>\n<p>Proporcionamos servicios a nuestros clientes. Como parte de los servicios que proporcionamos, los datos de los clientes se pueden guardar en nuestros sistemas inform\u00e1ticos. Como nuestro cliente, cuando utiliza nuestros servicios para procesar datos que ha recogido, usted controla los datos que recoge, qu\u00e9 datos son transmitidos a los servicios, y c\u00f3mo se utilizan estos datos. La recogida, uso, transferencia y retenci\u00f3n de datos de los clientes en nuestros servicios se rige por las pol\u00edticas de privacidad de nuestros clientes, no por esta pol\u00edtica de privacidad. Como procesador de datos, cooperaremos con usted en sus esfuerzos para controlar sus datos.<\/p>\n<h3>Informaci\u00f3n recogida por Globex<\/h3>\n<h4>Registro y servicio de atenci\u00f3n al cliente de Globex<\/h4>\n<p>Puede proporcionarnos informaci\u00f3n sobre usted cuando completa el formulario web de Globex, se registra para usar un sitio web de Globex (como <a style=\"font-size: 16px;\" href=\"http:\/\/www.globexintl.com\/\" data-saferedirecturl=\"https:\/\/www.google.com\/url?hl=en&amp;q=http:\/\/www.Globexintl.com&amp;source=gmail&amp;ust=1524660702574000&amp;usg=AFQjCNHlPOOFHp7hJUFf2r_HFNnsI9x2hQ\">www.globexintl.com<\/a><span style=\"font-size: 16px;\">) o un servicio, solicita una demostraci\u00f3n de los servicios, responde a un anuncio, se pone en contacto con Globex para pedir ayuda u otras ofertas, o asiste a un evento o foro celebrado por Globex o en el que Globex participa. Durante este proceso, recogemos informaci\u00f3n personal sobre usted. Por ejemplo, podemos recoger su nombre, el nombre de la empresa, direcci\u00f3n, correo electr\u00f3nico, n\u00famero de tel\u00e9fono, informaci\u00f3n de facturaci\u00f3n y pago, posici\u00f3n o t\u00edtulo. Tambi\u00e9n podemos recoger otra informaci\u00f3n de terceros y p\u00fablica sobre usted para complementar su perfil, como informaci\u00f3n p\u00fablica sobre la empresa en la que trabaja.<\/span><\/p>\n<h4>Los sitios web de Globex utilizan cookies.<\/h4>\n<p>Recibimos y guardamos cierta informaci\u00f3n sobre c\u00f3mo utiliza nuestros sitios web y servicios cuando visita un sitio web de Globex o utiliza nuestros servicios. Por ejemplo, recibimos informaci\u00f3n que su navegador o dispositivo env\u00eda a nuestros servidores siempre que visita un sitio web de Globex. Su navegador o dispositivo puede informarnos de su direcci\u00f3n IP que utiliz\u00f3 para conectar su ordenador a internet, el ordenador y la informaci\u00f3n de conexi\u00f3n como el tipo de navegador, la versi\u00f3n, el idioma y las configuraciones horarias, el tipo de complementos del navegador, el sistema operativo y el tipo de dispositivo que utiliza. Cuando visita un sitio web de Globex, su navegador tambi\u00e9n puede contarnos informaci\u00f3n, por ejemplo, de las acciones que realiza en nuestro sitio web, la p\u00e1gina que le llev\u00f3 a nuestro sitio web y, si es aplicable, los t\u00e9rminos de b\u00fasqueda que ha escrito en un motor de b\u00fasqueda que le ha dirigido a nuestro sitio web.<\/p>\n<p>Podemos recibir informaci\u00f3n sobre c\u00f3mo utiliza nuestros sitios web y servicios mediante el uso de cookies de primeras y terceras partes, tambi\u00e9n balizas web y otras tecnolog\u00edas similares. Nuestros servidores recogen informaci\u00f3n similar cuando se conecta en nuestro sitio web o servicios. La informaci\u00f3n que recibimos a trav\u00e9s de cookies y tecnolog\u00edas similares puede estar asociada con usted, dependiendo del sitio web o los servicios que utiliza, y si ha proporcionado informaci\u00f3n identificable sobre usted al sitio web o los servicios.<\/p>\n<p>Adem\u00e1s, las terceras partes pueden recoger informaci\u00f3n sobre sus actividades en l\u00ednea cuando utiliza nuestros sitios web o servicios usando cookies u otras tecnolog\u00edas. No respondemos a las se\u00f1ales de \u00abno realizar un seguimiento\u00bb del navegador web u otras transmisiones similares que indican una solicitud para desactivar el seguimiento en l\u00ednea de los usuarios que visitan nuestros sitios web o que utilizan nuestros sitios web o los servicios.<\/p>\n<h4>Botones, herramientas y contenidos de otras empresas<\/h4>\n<p>Los sitios web y los servicios de Globex pueden incluir botones, herramientas o contenidos que est\u00e9n vinculados a los servicios de otras empresas (por ejemplo, el bot\u00f3n de \u00abMe gusta\u00bb de Facebook). Podemos recoger informaci\u00f3n sobre su uso de estas funciones. Adem\u00e1s, cuando utiliza o interact\u00faa con estos botones, herramientas o contenido, o visita una p\u00e1gina web de Globex que los contenga, alguna informaci\u00f3n de su navegador puede ser enviada autom\u00e1ticamente a la otra empresa. Lea la pol\u00edtica de privacidad de la empresa para obtener m\u00e1s informaci\u00f3n sobre su uso de esta informaci\u00f3n.<\/p>\n<h4>P\u00e1ginas de redes sociales de Globex<\/h4>\n<p>Mantenemos p\u00e1ginas en sitios de redes sociales. Podemos recoger informaci\u00f3n cuando interact\u00faa con nuestras p\u00e1ginas de redes sociales.<\/p>\n<h4>Publicidad en l\u00ednea de Globex<\/h4>\n<p>Podemos anunciarnos en l\u00ednea, incluyendo mostrar los anuncios de Globex a trav\u00e9s de internet y los sitios web y de las aplicaciones. Cuando nos anunciamos en l\u00ednea, podemos recoger informaci\u00f3n sobre qu\u00e9 anuncios le son mostrados, sobre qu\u00e9 anuncios hace clic y la p\u00e1gina web en la que se le mostr\u00f3 el anuncio.<\/p>\n<h4>Chat p\u00fablico, tableros de mensajes y publicaciones de usuarios<\/h4>\n<p>Podemos proporcionarle informaci\u00f3n personal a trav\u00e9s de su participaci\u00f3n p\u00fablica en sesiones de chat, tableros de mensajes, asociaciones de comunidades de usuarios con nuestros servicios, blogs, intercambios de correos electr\u00f3nicos o grupos de noticias en nuestros sitios web. Esa informaci\u00f3n puede estar disponible para cualquier persona que tenga acceso al sitio web. Esta pol\u00edtica de privacidad no es aplicable a toda la informaci\u00f3n que usted proporcione y est\u00e9 generalmente disponible en estos sitios web.<\/p>\n<h4>Uso de la informaci\u00f3n recogida por Globex<\/h4>\n<p>Podemos utilizar la informaci\u00f3n que recogemos sobre usted para:<\/p>\n<ul>\n<li>Proporcionarle los servicios y el contenido del sitio web de Globex, as\u00ed como cualquier otro servicio, apoyo o informaci\u00f3n que haya solicitado,<\/li>\n<li>Operar y mejorar nuestros sitios web y servicios y diagnosticar problemas relacionados.<\/li>\n<li>Personalizar nuestro sitio web, servicios y comunicaciones seg\u00fan sus intereses y necesidades.<\/li>\n<li>Enviarle mensajes empresariales como aquellos relacionados con las notificaciones de servicios, pagos o renovaciones de su suscripci\u00f3n.<\/li>\n<li>Enviarle informaci\u00f3n sobre Globex, nuevos lanzamientos, ofertas especiales e informaci\u00f3n comercial parecida.<\/li>\n<li>Llevar a cabo investigaciones de mercado sobre nuestros clientes, sus intereses y la efectividad de nuestras campa\u00f1as de <i>marketing<\/i>.<\/li>\n<li>Mostrar anuncios personalizados sobre usted.<\/li>\n<li>Combinar la informaci\u00f3n que recogemos sobre usted con otras fuentes de informaci\u00f3n p\u00fablicas o privadas para poder proporcionarle comunicaciones que sean relevantes para usted y para mejorar los servicios que le proporcionamos.<\/li>\n<li>Ponernos en contacto con usted por tel\u00e9fono para hablar de nuestros servicios y ofertas relacionadas con usted.<\/li>\n<li>Agregar datos de nuestros servicios usados para realizar an\u00e1lisis comparativos y mejorar nuestros servicios.<\/li>\n<\/ul>\n<p>Cuando sea necesario por las leyes aplicables, obtendremos el consentimiento para usar su informaci\u00f3n personal para fines de <i>marketing<\/i>.<\/p>\n<h4>Informaci\u00f3n de suscripci\u00f3n del bolet\u00edn de noticias<\/h4>\n<p>De vez en cuando, podemos proporcionar informaci\u00f3n a nuestros clientes y clientes potenciales en forma de boletines de noticias electr\u00f3nicos e impresos. Cuando se suscribe a nuestro bolet\u00edn de noticias puede que le a\u00f1adamos a nuestra lista de correo y recibir\u00e1 anuncios e informaci\u00f3n sobre Globex. Ser\u00e1 enviado por correo electr\u00f3nico o por correo ordinario a la direcci\u00f3n que proporcion\u00f3 cuando se suscribi\u00f3.<\/p>\n<h4>Mensajes de texto de Globex<\/h4>\n<p>Nuestros servicios pueden permitirnos a nosotros y a otros usuarios del servicio comunicarnos regularmente con usted mediante mensajes de texto. Podemos ponernos en contacto con usted sobre los servicios que le proporcionamos, como proporcionarle avisos del sistema. Puede gestionar su informaci\u00f3n de contacto y preferencias de notificaciones en las configuraciones de su cuenta de servicios.<\/p>\n<h4>Compartir informaci\u00f3n recogida por Globex<\/h4>\n<p>Trabajamos con empresas que nos ayudan a poder llevar nuestros negocios. Estas empresas pueden proporcionar servicios como proporcionar servicio de atenci\u00f3n a los clientes, procesamiento y recolecci\u00f3n de pagos y enviar comunicaciones en nuestro nombre. Estas empresas pueden tener acceso a su informaci\u00f3n personal seg\u00fan sea requerido para ayudarnos a gestionar nuestro negocio.<\/p>\n<p>Globex tambi\u00e9n puede compartir su informaci\u00f3n personal:<\/p>\n<ul>\n<li>Cuando haya consentido a compartirla.<\/li>\n<li>Con nuestras empresas afiliadas.<\/li>\n<li>Cuando muestre inter\u00e9s en un producto o servicio de terceros mediante Globex, para que la tercera parte pueda ponerse en contacto con usted sobre sus compras o intereses.<\/li>\n<li>Cuando se nos requiere o creemos que se nos requiere proporcionaremos la informaci\u00f3n en respuesta a una citaci\u00f3n, orden judicial, ley aplicable, estatuo gubernamental, normativa o cualquier otro procedimiento legal.<\/li>\n<li>Cuando en buena fe creamos que la divulgaci\u00f3n es necesaria para responder o evitar el fraude, defender nuestros sitios web o servicios de ataques o proteger la propiedad y seguridad de Globex, o la propiedad y seguridad de nuestros clientes y usuarios.<\/li>\n<li>En la medida en que sea necesario para cumplir con peticiones legales de autoridades p\u00fablicas, incluyendo para cumplir con los requisitos de la seguridad nacional o de aplicaci\u00f3n de la ley.<\/li>\n<li>Si nos fusionamos con o somos adquiridos por otra empresa, vendemos un sitio web, aplicaci\u00f3n o unidad empresarial, o todos o una porci\u00f3n importante de nuestros activos son adquiridos por otra empresa, en este caso su informaci\u00f3n puede ser uno de los activos transferidos.<\/li>\n<li>Cuando contratamos empresas para que nos ayuden a promocionar nuestros sitios web y servicios y le proporcionamos ofertas e informaci\u00f3n relacionados con Globex, incluyendo anuncios que se muestran por internet.<\/li>\n<li>Cuando contratamos los servicios de operadores de terceros para proporcionar servicios de mensajes.<\/li>\n<li>Cuando agregamos y compartimos informaci\u00f3n no identificable recogida por nuestros servicios con la finalidad de proporcionar informaci\u00f3n estad\u00edstica o investigaci\u00f3n de mercado a terceras partes.<\/li>\n<\/ul>\n<h4>Seguridad y almacenamiento de la informaci\u00f3n<\/h4>\n<p>Entendemos que la seguridad de su informaci\u00f3n personal es importante. Implementamos los controles de seguridad administrativos, t\u00e9cnicos y f\u00edsicos razonables dise\u00f1ados para proteger su informaci\u00f3n personal de p\u00e9rdidas, usos indebidos, accesos no autorizados, divulgaciones, alteraciones o destrucciones. Sin embargo, a pesar de nuestros esfuerzos no hay ning\u00fan control de seguridad que sea totalmente efectivo y no podemos asegurar o garantizar la seguridad de su informaci\u00f3n personal.<\/p>\n<p>Sus archivos de datos y su informaci\u00f3n personal son guardados en nuestros servidores y los servidores de nuestras empresas afiliadas y las empresas que contratamos para que nos proporcionen servicios.<\/p>\n<h4>Transferencia transfronteriza de datos<\/h4>\n<p>Su informaci\u00f3n personal puede guardarse en los Estados Unidos, o transferirse a otros pa\u00edses donde se encuentran las empresas que contratamos para que nos ayuden a gestionar nuestro negocio. Estos pa\u00edses puede que no tengan las mismas leyes de protecci\u00f3n de datos del pa\u00eds al que inicialmente proporcion\u00f3 la informaci\u00f3n. Cuando transferimos sus datos personales, los protegeremos tal y como se describe en esta pol\u00edtica de privacidad.<\/p>\n<p>Tal y como se describe en nuestra&nbsp;<a href=\"https:\/\/globexintl.com\/privacy-shield-privacy-policy\/\"><u>pol\u00edtica de privacidad del escudo de privacidad<\/u><\/a>, Globex se adhiere al marco del Escudo de privacidad entre UE-EE. UU. en relaci\u00f3n a la informaci\u00f3n personal transferida del Espacio Econ\u00f3mica Europeo (EEE) a Globex, en los EE. UU. Globex tambi\u00e9n se adhiere al Escudo de privacidad entre Suiza-EE. UU. en relaci\u00f3n a la transferencia de informaci\u00f3n personal de Suiza a Globex, Inc. en los Estados Unidos. Para aprender m\u00e1s sobre el marco del escudo de privacidad suizo y entre UE-EE. UU., visite<a href=\"https:\/\/www.privacyshield.gov\/welcome\" data-saferedirecturl=\"https:\/\/www.google.com\/url?hl=en&amp;q=https:\/\/www.privacyshield.gov\/welcome&amp;source=gmail&amp;ust=1524660702575000&amp;usg=AFQjCNG2hNT-ScbRdxmNtVyAVlxKcjI_yw\">www.privacyshield.gov.<\/a><\/p>\n<p>Revisar, actualizar o eliminar su informaci\u00f3n personal<\/p>\n<p>Tomamos las medidas razonables para garantizar que la informaci\u00f3n personal que recogemos de usted sea precisa, completa y actual al usar la informaci\u00f3n m\u00e1s reciente que nos proporciona. Nuestros sitios web y servicios pueden permitirle que revise y edite su informaci\u00f3n personal al acceder a su perfil o alguna funci\u00f3n similar del sitio web o del servicio que utiliza. Para nuestros sitios web, tal vez tenga la posibilidad de gestionar sus cookies y otras tecnolog\u00edas similares a trav\u00e9s de las configuraciones de su navegador web. Debe consultar las configuraciones e instrucciones proporcionadas por el proveedor de su navegador web para obtener m\u00e1s informaci\u00f3n.<\/p>\n<p>Tambi\u00e9n nos puede enviar su solicitud para que revisemos, editemos o eliminemos su informaci\u00f3n personal al mandar por correo electr\u00f3nico su solicitud a&nbsp;<a href=\"mailto:privacy@globexintl.com\">privacy@globexintl.com<\/a>, o si lo prefiere, puede ponerse en contacto con nosotros a trav\u00e9s del correo ordinario a Globex International Group Inc., P.O. Box 776, Chester, NJ 07930, USA (Attn:&nbsp;&nbsp;Privacy Office). Una vez que hayamos verificado su identidad, le ayudaremos con su solicitud.<\/p>\n<p>Guardaremos su informaci\u00f3n personal durante el tiempo que sea necesario para proporcionarle los servicios que utiliza, seg\u00fan sea necesario para cumplir con nuestras obligaciones legales o hacer cumplir nuestros acuerdos. Por ejemplo, podemos guardar algunos registros por motivos legales o internos de la empresa, como por ejemplo la prevenci\u00f3n del fraude. Alguna de su informaci\u00f3n tambi\u00e9n puede quedar almacenada en los sistemas de respaldo despu\u00e9s de la finalizaci\u00f3n del uso de nuestros sitios web y servicios.<\/p>\n<p>Puede escoger no proporcionarnos su informaci\u00f3n personal, pero si no nos proporciona su informaci\u00f3n personal cuando la solicitemos, puede que no podamos proporcionarle los sitios web y servicios que utiliza, o personalizarlos para usted.<\/p>\n<h4>Renunciar a las comunicaciones de Globex<\/h4>\n<p>Puede renunciar a recibir comunicaciones al modificar su sitio web o el perfil de Servicio, o al darse de baja del env\u00edo de correos electr\u00f3nicos o boletines de noticias de <i>marketing<\/i> que ya no desea. Para darse de baja, env\u00ede un correo electr\u00f3nico a&nbsp;<a href=\"mailto:privacy@globexintl.com\">privacy@globexintl.com<\/a>&nbsp;con \u00abdarse de baja\u00bb en el cuerpo del mensaje, junto con una descripci\u00f3n de las comunicaciones que ya no desea recibir.<\/p>\n<h4>Cambios a esta pol\u00edtica de privacidad<\/h4>\n<p>Ocasionalmente, seg\u00fan nuestro criterio, podemos cambiar o actualizar esta pol\u00edtica de privacidad para permitirnos usar o compartir su informaci\u00f3n personal de un modo significativamente diferente. Para los nuevos usuarios, estos cambios ser\u00e1n efectivos al publicarlos. Para los usuarios existentes, los cambios y actualizaciones ser\u00e1n efectivos 30 d\u00edas despu\u00e9s de su publicaci\u00f3n.&nbsp; Le animamos a que revise peri\u00f3dicamente esta pol\u00edtica de privacidad para ver la informaci\u00f3n m\u00e1s actual de nuestras pr\u00e1cticas de privacidad.<\/p>\n<h4>Preguntas o inquietudes<\/h4>\n<p>Si tiene alguna pregunta relacionada con esta pol\u00edtica de privacidad, env\u00edenos un correo electr\u00f3nico a&nbsp;<a href=\"mailto:privacy@globexintl.com\">privacy@globexintl.com<\/a>.<\/p>\n","protected":false},"excerpt":{"rendered":"<p>Pol\u00edtica de Privacidad \u00daltima Actualizaci\u00f3n: 29 de marzo del 2018 Alcance de esta Pol\u00edtica Globex entiende que le preocupa c\u00f3mo se recoge y se utiliza la informaci\u00f3n sobre usted. Globex se compromete a proteger la privacidad de las personas que interact\u00faan con nosotros. Esta pol\u00edtica de privacidad de Globex (la \u00abpol\u00edtica de privacidad\u00bb) describe las [&hellip;]<\/p>\n","protected":false},"author":2,"featured_media":0,"parent":0,"menu_order":0,"comment_status":"closed","ping_status":"closed","template":"","meta":[],"acf":[],"yoast_head":"<!-- This site is optimized with the Yoast SEO plugin v20.2 - https:\/\/yoast.com\/wordpress\/plugins\/seo\/ -->\n<title>Aviso de Privacidad - Globex<\/title>\n<meta name=\"robots\" content=\"index, follow, max-snippet:-1, max-image-preview:large, max-video-preview:-1\" \/>\n<link rel=\"canonical\" href=\"https:\/\/globexintl.com\/es\/privacy-notice\/\" \/>\n<meta property=\"og:locale\" content=\"es_ES\" \/>\n<meta property=\"og:type\" content=\"article\" \/>\n<meta property=\"og:title\" content=\"Aviso de Privacidad - Globex\" \/>\n<meta property=\"og:description\" content=\"Pol\u00edtica de Privacidad \u00daltima Actualizaci\u00f3n: 29 de marzo del 2018 Alcance de esta Pol\u00edtica Globex entiende que le preocupa c\u00f3mo se recoge y se utiliza la informaci\u00f3n sobre usted. Globex se compromete a proteger la privacidad de las personas que interact\u00faan con nosotros. Esta pol\u00edtica de privacidad de Globex (la \u00abpol\u00edtica de privacidad\u00bb) describe las [&hellip;]\" \/>\n<meta property=\"og:url\" content=\"https:\/\/globexintl.com\/es\/privacy-notice\/\" \/>\n<meta property=\"og:site_name\" content=\"Globex\" \/>\n<meta property=\"article:modified_time\" content=\"2022-04-05T11:28:06+00:00\" \/>\n<meta name=\"twitter:card\" content=\"summary_large_image\" \/>\n<meta name=\"twitter:label1\" content=\"Tiempo de lectura\" \/>\n\t<meta name=\"twitter:data1\" content=\"10 minutos\" \/>\n<script type=\"application\/ld+json\" class=\"yoast-schema-graph\">{\"@context\":\"https:\/\/schema.org\",\"@graph\":[{\"@type\":\"WebPage\",\"@id\":\"https:\/\/globexintl.com\/es\/privacy-notice\/\",\"url\":\"https:\/\/globexintl.com\/es\/privacy-notice\/\",\"name\":\"Aviso de Privacidad - Globex\",\"isPartOf\":{\"@id\":\"https:\/\/globexintl.com\/#website\"},\"datePublished\":\"2019-12-02T18:41:36+00:00\",\"dateModified\":\"2022-04-05T11:28:06+00:00\",\"breadcrumb\":{\"@id\":\"https:\/\/globexintl.com\/es\/privacy-notice\/#breadcrumb\"},\"inLanguage\":\"es\",\"potentialAction\":[{\"@type\":\"ReadAction\",\"target\":[\"https:\/\/globexintl.com\/es\/privacy-notice\/\"]}]},{\"@type\":\"BreadcrumbList\",\"@id\":\"https:\/\/globexintl.com\/es\/privacy-notice\/#breadcrumb\",\"itemListElement\":[{\"@type\":\"ListItem\",\"position\":1,\"name\":\"Home\",\"item\":\"https:\/\/globexintl.com\/es\/\"},{\"@type\":\"ListItem\",\"position\":2,\"name\":\"Aviso de Privacidad\"}]},{\"@type\":\"WebSite\",\"@id\":\"https:\/\/globexintl.com\/#website\",\"url\":\"https:\/\/globexintl.com\/\",\"name\":\"Globex\",\"description\":\"Globex International Group\",\"potentialAction\":[{\"@type\":\"SearchAction\",\"target\":{\"@type\":\"EntryPoint\",\"urlTemplate\":\"https:\/\/globexintl.com\/?s={search_term_string}\"},\"query-input\":\"required name=search_term_string\"}],\"inLanguage\":\"es\"}]}<\/script>\n<!-- \/ Yoast SEO plugin. -->","yoast_head_json":{"title":"Aviso de Privacidad - Globex","robots":{"index":"index","follow":"follow","max-snippet":"max-snippet:-1","max-image-preview":"max-image-preview:large","max-video-preview":"max-video-preview:-1"},"canonical":"https:\/\/globexintl.com\/es\/privacy-notice\/","og_locale":"es_ES","og_type":"article","og_title":"Aviso de Privacidad - Globex","og_description":"Pol\u00edtica de Privacidad \u00daltima Actualizaci\u00f3n: 29 de marzo del 2018 Alcance de esta Pol\u00edtica Globex entiende que le preocupa c\u00f3mo se recoge y se utiliza la informaci\u00f3n sobre usted. Globex se compromete a proteger la privacidad de las personas que interact\u00faan con nosotros. Esta pol\u00edtica de privacidad de Globex (la \u00abpol\u00edtica de privacidad\u00bb) describe las [&hellip;]","og_url":"https:\/\/globexintl.com\/es\/privacy-notice\/","og_site_name":"Globex","article_modified_time":"2022-04-05T11:28:06+00:00","twitter_card":"summary_large_image","twitter_misc":{"Tiempo de lectura":"10 minutos"},"schema":{"@context":"https:\/\/schema.org","@graph":[{"@type":"WebPage","@id":"https:\/\/globexintl.com\/es\/privacy-notice\/","url":"https:\/\/globexintl.com\/es\/privacy-notice\/","name":"Aviso de Privacidad - Globex","isPartOf":{"@id":"https:\/\/globexintl.com\/#website"},"datePublished":"2019-12-02T18:41:36+00:00","dateModified":"2022-04-05T11:28:06+00:00","breadcrumb":{"@id":"https:\/\/globexintl.com\/es\/privacy-notice\/#breadcrumb"},"inLanguage":"es","potentialAction":[{"@type":"ReadAction","target":["https:\/\/globexintl.com\/es\/privacy-notice\/"]}]},{"@type":"BreadcrumbList","@id":"https:\/\/globexintl.com\/es\/privacy-notice\/#breadcrumb","itemListElement":[{"@type":"ListItem","position":1,"name":"Home","item":"https:\/\/globexintl.com\/es\/"},{"@type":"ListItem","position":2,"name":"Aviso de Privacidad"}]},{"@type":"WebSite","@id":"https:\/\/globexintl.com\/#website","url":"https:\/\/globexintl.com\/","name":"Globex","description":"Globex International Group","potentialAction":[{"@type":"SearchAction","target":{"@type":"EntryPoint","urlTemplate":"https:\/\/globexintl.com\/?s={search_term_string}"},"query-input":"required name=search_term_string"}],"inLanguage":"es"}]}},"_links":{"self":[{"href":"https:\/\/globexintl.com\/es\/wp-json\/wp\/v2\/pages\/8042"}],"collection":[{"href":"https:\/\/globexintl.com\/es\/wp-json\/wp\/v2\/pages"}],"about":[{"href":"https:\/\/globexintl.com\/es\/wp-json\/wp\/v2\/types\/page"}],"author":[{"embeddable":true,"href":"https:\/\/globexintl.com\/es\/wp-json\/wp\/v2\/users\/2"}],"replies":[{"embeddable":true,"href":"https:\/\/globexintl.com\/es\/wp-json\/wp\/v2\/comments?post=8042"}],"version-history":[{"count":3,"href":"https:\/\/globexintl.com\/es\/wp-json\/wp\/v2\/pages\/8042\/revisions"}],"predecessor-version":[{"id":8446,"href":"https:\/\/globexintl.com\/es\/wp-json\/wp\/v2\/pages\/8042\/revisions\/8446"}],"wp:attachment":[{"href":"https:\/\/globexintl.com\/es\/wp-json\/wp\/v2\/media?parent=8042"}],"curies":[{"name":"wp","href":"https:\/\/api.w.org\/{rel}","templated":true}]}}